{"id":2752,"date":"2026-03-26T15:20:22","date_gmt":"2026-03-26T14:20:22","guid":{"rendered":"https:\/\/apoloeventstrips.com\/?page_id=2752"},"modified":"2026-03-26T15:24:10","modified_gmt":"2026-03-26T14:24:10","slug":"reunion-con-agente","status":"publish","type":"page","link":"https:\/\/apoloeventstrips.com\/en\/reunion-con-agente\/","title":{"rendered":"Talk with us"},"content":{"rendered":"<div data-elementor-type=\"wp-page\" data-elementor-id=\"2752\" class=\"elementor elementor-2752\" data-elementor-post-type=\"page\">\n\t\t\t\t<div class=\"elementor-element elementor-element-5407679 e-flex e-con-boxed e-con e-parent\" data-id=\"5407679\" data-element_type=\"container\" data-e-type=\"container\">\n\t\t\t\t\t<div class=\"e-con-inner\">\n\t\t\t\t<div class=\"elementor-element elementor-element-4ab5abe elementor-widget elementor-widget-heading\" data-id=\"4ab5abe\" data-element_type=\"widget\" data-e-type=\"widget\" data-widget_type=\"heading.default\">\n\t\t\t\t\t<h2 class=\"elementor-heading-title elementor-size-default\">\u00bfNecesitas detalles sobre una aventura?<\/h2>\t\t\t\t<\/div>\n\t\t\t\t<div class=\"elementor-element elementor-element-17f9d06 elementor-widget elementor-widget-text-editor\" data-id=\"17f9d06\" data-element_type=\"widget\" data-e-type=\"widget\" data-widget_type=\"text-editor.default\">\n\t\t\t\t\t\t\t\t\t<p>Si necesitas que un agente te haga una videollamada para explicarte los detalles de una aventura, reserva hueco y te contaremos todo lo que necesites saber.<\/p>\t\t\t\t\t\t\t\t<\/div>\n\t\t\t\t<div class=\"elementor-element elementor-element-dff4f66 elementor-widget elementor-widget-hubspot-meeting\" data-id=\"dff4f66\" data-element_type=\"widget\" data-e-type=\"widget\" data-widget_type=\"hubspot-meeting.default\">\n\t\t\t\t<div class=\"elementor-widget-container\">\n\t\t\t\t\t\n\t\t<div class=\"meetings-iframe-container\" data-src=\"https:\/\/meetings-eu1.hubspot.com\/marketing-apolo-envents-trips\/videollamada-travel-consultant?embed=true\"><\/div>\n\t\t<script>\n\t\t\tif(window.hbspt && window.hbspt.meetings){\n\t\t\t\twindow.hbspt.meetings.create(\".meetings-iframe-container\");\n\t\t\t}\n\t\t\t<\/script>\n\t\t\t\t\t\t<\/div>\n\t\t\t\t<\/div>\n\t\t\t\t\t<\/div>\n\t\t\t\t<\/div>\n\t\t\t\t<\/div>","protected":false},"excerpt":{"rendered":"<p>\u00bfNecesitas detalles sobre una aventura? Si necesitas que un agente te haga una videollamada para explicarte los detalles de una aventura, reserva hueco y te contaremos todo lo que necesites saber.<\/p>","protected":false},"author":273406875,"featured_media":0,"parent":0,"menu_order":0,"comment_status":"closed","ping_status":"closed","template":"","meta":{"_crdt_document":"{\"document\":\"AAAG07fj+xEMBgY2AQZQPAEIEygCJwAEACcBKAQnACgIJwBEAITJA6EDc3RhdGV2ZXJzaW9uZG9jdW1lbnRkYXRlZG9jdW1lbnRzdGF0dXNkb2N1bWVudHRpdGxlQm9ycmFkb3IgYXV0b23DoXRpY29kb2N1bWVudGNvbnRlbnRkb2N1bWVudGV4Y2VycHRkb2N1bWVudGF1dGhvcmRvY3VtZW50ZmVhdHVyZWRfbWVkaWFkb2N1bWVudGNvbW1lbnRfc3RhdHVzZG9jdW1lbnRwaW5nX3N0YXR1c2RvY3VtZW50dGVtcGxhdGVkb2N1bWVudG1ldGFjb250ZW50LXR5cGVqZXRwYWNrX3Bvc3Rfd2FzX2V2ZXJfcHVibGlzaGVkX2pvaW5jaGF0Zm9vdG5vdGVzX2VsZW1lbnRvcl9lZGl0X21vZGVfZWxlbWVudG9yX3RlbXBsYXRlX3R5cGVfZWxlbWVudG9yX2RhdGFfZWxlbWVudG9yX3BhZ2Vfc2V0dGluZ3NfZWxlbWVudG9yX2NvbmRpdGlvbnNkb2N1bWVudGJsb2Nrc0NpdGEgcmV1bmnDs25SZXVuacOzbiBjb24gYWdlbnRlBQcIBAgGCAUTCAcIBwgGCA4IDggLSAEEDB9JABQYDxgVCAYBCxIJAQMAAAEHAAgBBEIBAQACQQ8BGgB9AXcTMjAyNi0wMy0yNlQxNToxOToxMHcKYXV0by1kcmFmdH2b7t6EAn0AdwZjbG9zZWR3BmNsb3NlZHcAdwB5dQB3AHcAdwB3AH51AAHT2\/H9CAIEEhIL\",\"updateId\":833193509}","content-type":"","_joinchat":[],"footnotes":""},"class_list":["post-2752","page","type-page","status-publish","hentry"],"yoast_head":"<!-- This site is optimized with the Yoast SEO plugin v27.4 - https:\/\/yoast.com\/product\/yoast-seo-wordpress\/ -->\n<title>Reuni\u00f3n con agente - Apolo Events &amp; Trips<\/title>\n<meta name=\"robots\" content=\"index, follow, max-snippet:-1, max-image-preview:large, max-video-preview:-1\" \/>\n<link rel=\"canonical\" href=\"https:\/\/apoloeventstrips.com\/en\/reunion-con-agente\/\" \/>\n<meta property=\"og:locale\" content=\"en_US\" \/>\n<meta property=\"og:type\" content=\"article\" \/>\n<meta property=\"og:title\" content=\"Reuni\u00f3n con agente - Apolo Events &amp; Trips\" \/>\n<meta property=\"og:description\" content=\"\u00bfNecesitas detalles sobre una aventura? Si necesitas que un agente te haga una videollamada para explicarte los detalles de una aventura, reserva hueco y te contaremos todo lo que necesites saber.\" \/>\n<meta property=\"og:url\" content=\"https:\/\/apoloeventstrips.com\/en\/reunion-con-agente\/\" \/>\n<meta property=\"og:site_name\" content=\"Apolo Events &amp; Trips\" \/>\n<meta property=\"article:publisher\" content=\"https:\/\/www.facebook.com\/apoloeventstrips\/\" \/>\n<meta property=\"article:modified_time\" content=\"2026-03-26T14:24:10+00:00\" \/>\n<meta name=\"twitter:card\" content=\"summary_large_image\" \/>\n<script type=\"application\/ld+json\" class=\"yoast-schema-graph\">{\"@context\":\"https:\\\/\\\/schema.org\",\"@graph\":[{\"@type\":\"WebPage\",\"@id\":\"https:\\\/\\\/apoloeventstrips.com\\\/reunion-con-agente\\\/\",\"url\":\"https:\\\/\\\/apoloeventstrips.com\\\/reunion-con-agente\\\/\",\"name\":\"Reuni\u00f3n con agente - Apolo Events &amp; Trips\",\"isPartOf\":{\"@id\":\"https:\\\/\\\/apoloeventstrips.com\\\/#website\"},\"datePublished\":\"2026-03-26T14:20:22+00:00\",\"dateModified\":\"2026-03-26T14:24:10+00:00\",\"breadcrumb\":{\"@id\":\"https:\\\/\\\/apoloeventstrips.com\\\/reunion-con-agente\\\/#breadcrumb\"},\"inLanguage\":\"en-US\",\"potentialAction\":[{\"@type\":\"ReadAction\",\"target\":[\"https:\\\/\\\/apoloeventstrips.com\\\/reunion-con-agente\\\/\"]}]},{\"@type\":\"BreadcrumbList\",\"@id\":\"https:\\\/\\\/apoloeventstrips.com\\\/reunion-con-agente\\\/#breadcrumb\",\"itemListElement\":[{\"@type\":\"ListItem\",\"position\":1,\"name\":\"Portada\",\"item\":\"https:\\\/\\\/apoloeventstrips.com\\\/\"},{\"@type\":\"ListItem\",\"position\":2,\"name\":\"Reuni\u00f3n con agente\"}]},{\"@type\":\"WebSite\",\"@id\":\"https:\\\/\\\/apoloeventstrips.com\\\/#website\",\"url\":\"https:\\\/\\\/apoloeventstrips.com\\\/\",\"name\":\"Apolo Events & Trips\",\"description\":\"Experiencias para personas LGTBIQ+ en lugares de ensue\u00f1o.\",\"publisher\":{\"@id\":\"https:\\\/\\\/apoloeventstrips.com\\\/#organization\"},\"potentialAction\":[{\"@type\":\"SearchAction\",\"target\":{\"@type\":\"EntryPoint\",\"urlTemplate\":\"https:\\\/\\\/apoloeventstrips.com\\\/?s={search_term_string}\"},\"query-input\":{\"@type\":\"PropertyValueSpecification\",\"valueRequired\":true,\"valueName\":\"search_term_string\"}}],\"inLanguage\":\"en-US\"},{\"@type\":\"Organization\",\"@id\":\"https:\\\/\\\/apoloeventstrips.com\\\/#organization\",\"name\":\"Apolo Events & Trips\",\"url\":\"https:\\\/\\\/apoloeventstrips.com\\\/\",\"logo\":{\"@type\":\"ImageObject\",\"inLanguage\":\"en-US\",\"@id\":\"https:\\\/\\\/apoloeventstrips.com\\\/#\\\/schema\\\/logo\\\/image\\\/\",\"url\":\"https:\\\/\\\/apoloeventstrips.com\\\/wp-content\\\/uploads\\\/2025\\\/12\\\/APOLO_svg.svg\",\"contentUrl\":\"https:\\\/\\\/apoloeventstrips.com\\\/wp-content\\\/uploads\\\/2025\\\/12\\\/APOLO_svg.svg\",\"width\":1225,\"height\":355,\"caption\":\"Apolo Events & Trips\"},\"image\":{\"@id\":\"https:\\\/\\\/apoloeventstrips.com\\\/#\\\/schema\\\/logo\\\/image\\\/\"},\"sameAs\":[\"https:\\\/\\\/www.facebook.com\\\/apoloeventstrips\\\/\",\"https:\\\/\\\/www.instagram.com\\\/apoloeventstrips\\\/\",\"https:\\\/\\\/www.tiktok.com\\\/@apolo.events.trips\"]}]}<\/script>\n<!-- \/ Yoast SEO plugin. -->","yoast_head_json":{"title":"Reuni\u00f3n con agente - Apolo Events &amp; Trips","robots":{"index":"index","follow":"follow","max-snippet":"max-snippet:-1","max-image-preview":"max-image-preview:large","max-video-preview":"max-video-preview:-1"},"canonical":"https:\/\/apoloeventstrips.com\/en\/reunion-con-agente\/","og_locale":"en_US","og_type":"article","og_title":"Reuni\u00f3n con agente - Apolo Events &amp; Trips","og_description":"\u00bfNecesitas detalles sobre una aventura? Si necesitas que un agente te haga una videollamada para explicarte los detalles de una aventura, reserva hueco y te contaremos todo lo que necesites saber.","og_url":"https:\/\/apoloeventstrips.com\/en\/reunion-con-agente\/","og_site_name":"Apolo Events &amp; Trips","article_publisher":"https:\/\/www.facebook.com\/apoloeventstrips\/","article_modified_time":"2026-03-26T14:24:10+00:00","twitter_card":"summary_large_image","schema":{"@context":"https:\/\/schema.org","@graph":[{"@type":"WebPage","@id":"https:\/\/apoloeventstrips.com\/reunion-con-agente\/","url":"https:\/\/apoloeventstrips.com\/reunion-con-agente\/","name":"Reuni\u00f3n con agente - Apolo Events &amp; Trips","isPartOf":{"@id":"https:\/\/apoloeventstrips.com\/#website"},"datePublished":"2026-03-26T14:20:22+00:00","dateModified":"2026-03-26T14:24:10+00:00","breadcrumb":{"@id":"https:\/\/apoloeventstrips.com\/reunion-con-agente\/#breadcrumb"},"inLanguage":"en-US","potentialAction":[{"@type":"ReadAction","target":["https:\/\/apoloeventstrips.com\/reunion-con-agente\/"]}]},{"@type":"BreadcrumbList","@id":"https:\/\/apoloeventstrips.com\/reunion-con-agente\/#breadcrumb","itemListElement":[{"@type":"ListItem","position":1,"name":"Portada","item":"https:\/\/apoloeventstrips.com\/"},{"@type":"ListItem","position":2,"name":"Reuni\u00f3n con agente"}]},{"@type":"WebSite","@id":"https:\/\/apoloeventstrips.com\/#website","url":"https:\/\/apoloeventstrips.com\/","name":"Apolo Events & Trips","description":"Experiencias para personas LGTBIQ+ en lugares de ensue\u00f1o.","publisher":{"@id":"https:\/\/apoloeventstrips.com\/#organization"},"potentialAction":[{"@type":"SearchAction","target":{"@type":"EntryPoint","urlTemplate":"https:\/\/apoloeventstrips.com\/?s={search_term_string}"},"query-input":{"@type":"PropertyValueSpecification","valueRequired":true,"valueName":"search_term_string"}}],"inLanguage":"en-US"},{"@type":"Organization","@id":"https:\/\/apoloeventstrips.com\/#organization","name":"Apolo Events & Trips","url":"https:\/\/apoloeventstrips.com\/","logo":{"@type":"ImageObject","inLanguage":"en-US","@id":"https:\/\/apoloeventstrips.com\/#\/schema\/logo\/image\/","url":"https:\/\/apoloeventstrips.com\/wp-content\/uploads\/2025\/12\/APOLO_svg.svg","contentUrl":"https:\/\/apoloeventstrips.com\/wp-content\/uploads\/2025\/12\/APOLO_svg.svg","width":1225,"height":355,"caption":"Apolo Events & Trips"},"image":{"@id":"https:\/\/apoloeventstrips.com\/#\/schema\/logo\/image\/"},"sameAs":["https:\/\/www.facebook.com\/apoloeventstrips\/","https:\/\/www.instagram.com\/apoloeventstrips\/","https:\/\/www.tiktok.com\/@apolo.events.trips"]}]}},"jetpack_likes_enabled":true,"jetpack_sharing_enabled":true,"jetpack_shortlink":"https:\/\/wp.me\/PgUlEW-Io","jetpack-related-posts":[{"id":620,"url":"https:\/\/apoloeventstrips.com\/en\/contacto\/","url_meta":{"origin":2752,"position":0},"title":"Contact","author":"Apolo Events &amp; Trips","date":"25 de December de 2025","format":false,"excerpt":"\u00bfTienes alguna duda? \u00bfTienes dudas o necesitas m\u00e1s detalles? Si necesitas que uno de nuestros travel planer te cuente todos los detalles sobre una aventura, tienes varios canales para comunicarte con nosotros. Escr\u00edbenos un whatsapp. Programa una reuni\u00f3n con uno de nuestros agentes. Escr\u00edbenos un correo. https:\/\/youtu.be\/0X0whQaZmTI?si=xcBmuUH51V49QFNb \u00bfNos sigues? Facebook\u2026","rel":"","context":"Similar post","block_context":{"text":"Similar post","link":""},"img":{"alt_text":"logo de apolo events & trips, agencia de viajes lgtbi","src":"https:\/\/i0.wp.com\/apoloeventstrips.com\/wp-content\/uploads\/2025\/12\/Apolo-Cuadrado-ok.png?fit=1200%2C1200&ssl=1&resize=350%2C200","width":350,"height":200,"srcset":"https:\/\/i0.wp.com\/apoloeventstrips.com\/wp-content\/uploads\/2025\/12\/Apolo-Cuadrado-ok.png?fit=1200%2C1200&ssl=1&resize=350%2C200 1x, https:\/\/i0.wp.com\/apoloeventstrips.com\/wp-content\/uploads\/2025\/12\/Apolo-Cuadrado-ok.png?fit=1200%2C1200&ssl=1&resize=525%2C300 1.5x, https:\/\/i0.wp.com\/apoloeventstrips.com\/wp-content\/uploads\/2025\/12\/Apolo-Cuadrado-ok.png?fit=1200%2C1200&ssl=1&resize=700%2C400 2x, https:\/\/i0.wp.com\/apoloeventstrips.com\/wp-content\/uploads\/2025\/12\/Apolo-Cuadrado-ok.png?fit=1200%2C1200&ssl=1&resize=1050%2C600 3x"},"classes":[]},{"id":42,"url":"https:\/\/apoloeventstrips.com\/en\/conocenos\/","url_meta":{"origin":2752,"position":1},"title":"Con\u00f3cenos","author":"Apolo Events &amp; Trips","date":"10 de December de 2025","format":false,"excerpt":"\u00bfPor qu\u00e9 Apolo? https:\/\/youtu.be\/0X0whQaZmTI?si=48tu2K3IYYzmxPiSApolo nace de la necesidad de que las personas del colectivo LGTBIQ+ podamos disfrutar de viajes y experiencias de forma segura y con comodidad.\"Experiencias exclusivas sin excluir a nadie\".Porque la verdadera exclusividad no est\u00e1 en dejar a nadie fuera de nuestras experiencias, sino en el mimo y\u2026","rel":"","context":"Similar post","block_context":{"text":"Similar post","link":""},"img":{"alt_text":"logo de apolo events & trips, agencia de viajes lgtbi","src":"https:\/\/i0.wp.com\/apoloeventstrips.com\/wp-content\/uploads\/2025\/12\/Apolo-Cuadrado-ok.png?fit=1200%2C1200&ssl=1&resize=350%2C200","width":350,"height":200,"srcset":"https:\/\/i0.wp.com\/apoloeventstrips.com\/wp-content\/uploads\/2025\/12\/Apolo-Cuadrado-ok.png?fit=1200%2C1200&ssl=1&resize=350%2C200 1x, https:\/\/i0.wp.com\/apoloeventstrips.com\/wp-content\/uploads\/2025\/12\/Apolo-Cuadrado-ok.png?fit=1200%2C1200&ssl=1&resize=525%2C300 1.5x, https:\/\/i0.wp.com\/apoloeventstrips.com\/wp-content\/uploads\/2025\/12\/Apolo-Cuadrado-ok.png?fit=1200%2C1200&ssl=1&resize=700%2C400 2x, https:\/\/i0.wp.com\/apoloeventstrips.com\/wp-content\/uploads\/2025\/12\/Apolo-Cuadrado-ok.png?fit=1200%2C1200&ssl=1&resize=1050%2C600 3x"},"classes":[]},{"id":3305,"url":"https:\/\/apoloeventstrips.com\/en\/payment-madrid-pride\/","url_meta":{"origin":2752,"position":2},"title":"Payment Madrid Pride","author":"Apolo Events &amp; Trips","date":"15 de April de 2026","format":false,"excerpt":"Completa el pago para reservar tu plaza en el Orgullo de Madrid Ya casi est\u00e1. Ahora que hemos recibido tus datos, solo falta hacer el pago para reservar 100% tu plaza. A continuaci\u00f3n te mostramos las diferentes opciones que tienes para hacerlo. Si tienes cualquier duda, estaremos encantdos de ayudarte.\u2026","rel":"","context":"Similar post","block_context":{"text":"Similar post","link":""},"img":{"alt_text":"","src":"","width":0,"height":0},"classes":[]},{"id":1750,"url":"https:\/\/apoloeventstrips.com\/en\/proximas-aventuras-viajes\/lisboa-lgtbi-puente-mayo\/","url_meta":{"origin":2752,"position":3},"title":"Lisboa LGTBI","author":"Apolo Events &amp; Trips","date":"14 de February de 2026","format":false,"excerpt":"Itinerario Inscripci\u00f3n Precio Reuni\u00f3n con agente Qu\u00e9 incluye Alojamiento Lisboa con Keunam Me apunto 30 abril - 3 mayo 549\u20ac - 649\u20ac S\u00f3lo 10 plazas Aventureros inscritos 80% Esc\u00e1pate a una experiencia vibrante en Lisboa del 30 de abril al 3 de mayo, donde la esencia portuguesa se fusiona con\u2026","rel":"","context":"Similar post","block_context":{"text":"Similar post","link":""},"img":{"alt_text":"imagen para ilustrar la aventura a Lisboa en el puente de Mayo de Apolo Events & Trips","src":"https:\/\/i0.wp.com\/apoloeventstrips.com\/wp-content\/uploads\/2026\/02\/Lisboa-LGTBI.webp?fit=1080%2C1080&ssl=1&resize=350%2C200","width":350,"height":200,"srcset":"https:\/\/i0.wp.com\/apoloeventstrips.com\/wp-content\/uploads\/2026\/02\/Lisboa-LGTBI.webp?fit=1080%2C1080&ssl=1&resize=350%2C200 1x, https:\/\/i0.wp.com\/apoloeventstrips.com\/wp-content\/uploads\/2026\/02\/Lisboa-LGTBI.webp?fit=1080%2C1080&ssl=1&resize=525%2C300 1.5x, https:\/\/i0.wp.com\/apoloeventstrips.com\/wp-content\/uploads\/2026\/02\/Lisboa-LGTBI.webp?fit=1080%2C1080&ssl=1&resize=700%2C400 2x, https:\/\/i0.wp.com\/apoloeventstrips.com\/wp-content\/uploads\/2026\/02\/Lisboa-LGTBI.webp?fit=1080%2C1080&ssl=1&resize=1050%2C600 3x"},"classes":[]},{"id":2300,"url":"https:\/\/apoloeventstrips.com\/en\/navidad-yoga-bruselas\/","url_meta":{"origin":2752,"position":4},"title":"Navidad de yoga en Bruselas","author":"Apolo Events &amp; Trips","date":"13 de March de 2026","format":false,"excerpt":"Navidad con Beppe Yoga Me apunto Reg\u00e1late una escapada diferente en el coraz\u00f3n de Europa con este exclusivo retiro de yoga en Bruselas. Durante tres d\u00edas, compartir\u00e1s una experiencia \u00fanica e \u00edntima con un grupo reducido de yoguis, practicando en una elegante casa de techos altos y decoraci\u00f3n art\u00edstica en\u2026","rel":"","context":"Similar post","block_context":{"text":"Similar post","link":""},"img":{"alt_text":"","src":"https:\/\/i0.wp.com\/apoloeventstrips.com\/wp-content\/uploads\/2026\/03\/WhatsApp-Image-2026-02-23-at-12.00.00.jpeg?fit=1200%2C960&ssl=1&resize=350%2C200","width":350,"height":200,"srcset":"https:\/\/i0.wp.com\/apoloeventstrips.com\/wp-content\/uploads\/2026\/03\/WhatsApp-Image-2026-02-23-at-12.00.00.jpeg?fit=1200%2C960&ssl=1&resize=350%2C200 1x, https:\/\/i0.wp.com\/apoloeventstrips.com\/wp-content\/uploads\/2026\/03\/WhatsApp-Image-2026-02-23-at-12.00.00.jpeg?fit=1200%2C960&ssl=1&resize=525%2C300 1.5x, https:\/\/i0.wp.com\/apoloeventstrips.com\/wp-content\/uploads\/2026\/03\/WhatsApp-Image-2026-02-23-at-12.00.00.jpeg?fit=1200%2C960&ssl=1&resize=700%2C400 2x, https:\/\/i0.wp.com\/apoloeventstrips.com\/wp-content\/uploads\/2026\/03\/WhatsApp-Image-2026-02-23-at-12.00.00.jpeg?fit=1200%2C960&ssl=1&resize=1050%2C600 3x"},"classes":[]},{"id":424,"url":"https:\/\/apoloeventstrips.com\/en\/proximas-aventuras-viajes\/madrid-pride-trip\/","url_meta":{"origin":2752,"position":5},"title":"Madrid Pride 2026","author":"Apolo Events &amp; Trips","date":"23 de December de 2025","format":false,"excerpt":"Resumen Inscripci\u00f3n Precio Contacto Alojamiento Actividades Madrid Pride 2026 Me apunto 28 junio - 5 julio 3.599 $ 20 plazas Ames a quien ames, Madrid te quiere. Esta frase quiz\u00e1 sea la que mejor define a la ciudad de Madrid. Abierta, diversa, intercultural y epicentro de la vida LGTBIQ+ de\u2026","rel":"","context":"Similar post","block_context":{"text":"Similar post","link":""},"img":{"alt_text":"","src":"https:\/\/i0.wp.com\/apoloeventstrips.com\/wp-content\/uploads\/2025\/12\/18.webp?fit=1080%2C1080&ssl=1&resize=350%2C200","width":350,"height":200,"srcset":"https:\/\/i0.wp.com\/apoloeventstrips.com\/wp-content\/uploads\/2025\/12\/18.webp?fit=1080%2C1080&ssl=1&resize=350%2C200 1x, https:\/\/i0.wp.com\/apoloeventstrips.com\/wp-content\/uploads\/2025\/12\/18.webp?fit=1080%2C1080&ssl=1&resize=525%2C300 1.5x, https:\/\/i0.wp.com\/apoloeventstrips.com\/wp-content\/uploads\/2025\/12\/18.webp?fit=1080%2C1080&ssl=1&resize=700%2C400 2x, https:\/\/i0.wp.com\/apoloeventstrips.com\/wp-content\/uploads\/2025\/12\/18.webp?fit=1080%2C1080&ssl=1&resize=1050%2C600 3x"},"classes":[]}],"_links":{"self":[{"href":"https:\/\/apoloeventstrips.com\/en\/wp-json\/wp\/v2\/pages\/2752","targetHints":{"allow":["GET"]}}],"collection":[{"href":"https:\/\/apoloeventstrips.com\/en\/wp-json\/wp\/v2\/pages"}],"about":[{"href":"https:\/\/apoloeventstrips.com\/en\/wp-json\/wp\/v2\/types\/page"}],"author":[{"embeddable":true,"href":"https:\/\/apoloeventstrips.com\/en\/wp-json\/wp\/v2\/users\/273406875"}],"replies":[{"embeddable":true,"href":"https:\/\/apoloeventstrips.com\/en\/wp-json\/wp\/v2\/comments?post=2752"}],"version-history":[{"count":0,"href":"https:\/\/apoloeventstrips.com\/en\/wp-json\/wp\/v2\/pages\/2752\/revisions"}],"wp:attachment":[{"href":"https:\/\/apoloeventstrips.com\/en\/wp-json\/wp\/v2\/media?parent=2752"}],"curies":[{"name":"wp","href":"https:\/\/api.w.org\/{rel}","templated":true}]}}