{"id":1330,"date":"2026-01-25T13:10:41","date_gmt":"2026-01-25T12:10:41","guid":{"rendered":"https:\/\/apoloeventstrips.com\/?page_id=1330"},"modified":"2026-01-25T13:10:41","modified_gmt":"2026-01-25T12:10:41","slug":"beppe-yoga-brussels","status":"publish","type":"page","link":"https:\/\/apoloeventstrips.com\/en\/beppe-yoga-brussels\/","title":{"rendered":"Yoga con Beppe en Bruselas"},"content":{"rendered":"","protected":false},"excerpt":{"rendered":"","protected":false},"author":273406875,"featured_media":0,"parent":0,"menu_order":0,"comment_status":"closed","ping_status":"closed","template":"","meta":{"_crdt_document":"","content-type":"","_joinchat":[],"footnotes":""},"class_list":["post-1330","page","type-page","status-publish","hentry"],"yoast_head":"<!-- This site is optimized with the Yoast SEO plugin v27.5 - https:\/\/yoast.com\/product\/yoast-seo-wordpress\/ -->\n<title>Yoga con Beppe en Bruselas - Apolo Events &amp; Trips<\/title>\n<meta name=\"robots\" content=\"index, follow, max-snippet:-1, max-image-preview:large, max-video-preview:-1\" \/>\n<link rel=\"canonical\" href=\"https:\/\/apoloeventstrips.com\/en\/beppe-yoga-brussels\/\" \/>\n<meta property=\"og:locale\" content=\"en_US\" \/>\n<meta property=\"og:type\" content=\"article\" \/>\n<meta property=\"og:title\" content=\"Yoga con Beppe en Bruselas - Apolo Events &amp; Trips\" \/>\n<meta property=\"og:url\" content=\"https:\/\/apoloeventstrips.com\/en\/beppe-yoga-brussels\/\" \/>\n<meta property=\"og:site_name\" content=\"Apolo Events &amp; Trips\" \/>\n<meta property=\"article:publisher\" content=\"https:\/\/www.facebook.com\/apoloeventstrips\/\" \/>\n<meta name=\"twitter:card\" content=\"summary_large_image\" \/>\n<script type=\"application\/ld+json\" class=\"yoast-schema-graph\">{\"@context\":\"https:\\\/\\\/schema.org\",\"@graph\":[{\"@type\":\"WebPage\",\"@id\":\"https:\\\/\\\/apoloeventstrips.com\\\/beppe-yoga-brussels\\\/\",\"url\":\"https:\\\/\\\/apoloeventstrips.com\\\/beppe-yoga-brussels\\\/\",\"name\":\"Yoga con Beppe en Bruselas - Apolo Events &amp; Trips\",\"isPartOf\":{\"@id\":\"https:\\\/\\\/apoloeventstrips.com\\\/#website\"},\"datePublished\":\"2026-01-25T12:10:41+00:00\",\"breadcrumb\":{\"@id\":\"https:\\\/\\\/apoloeventstrips.com\\\/beppe-yoga-brussels\\\/#breadcrumb\"},\"inLanguage\":\"en-US\",\"potentialAction\":[{\"@type\":\"ReadAction\",\"target\":[\"https:\\\/\\\/apoloeventstrips.com\\\/beppe-yoga-brussels\\\/\"]}]},{\"@type\":\"BreadcrumbList\",\"@id\":\"https:\\\/\\\/apoloeventstrips.com\\\/beppe-yoga-brussels\\\/#breadcrumb\",\"itemListElement\":[{\"@type\":\"ListItem\",\"position\":1,\"name\":\"Portada\",\"item\":\"https:\\\/\\\/apoloeventstrips.com\\\/\"},{\"@type\":\"ListItem\",\"position\":2,\"name\":\"Yoga con Beppe en Bruselas\"}]},{\"@type\":\"WebSite\",\"@id\":\"https:\\\/\\\/apoloeventstrips.com\\\/#website\",\"url\":\"https:\\\/\\\/apoloeventstrips.com\\\/\",\"name\":\"Apolo Events & Trips\",\"description\":\"Experiencias para personas LGTBIQ+ en lugares de ensue\u00f1o.\",\"publisher\":{\"@id\":\"https:\\\/\\\/apoloeventstrips.com\\\/#organization\"},\"potentialAction\":[{\"@type\":\"SearchAction\",\"target\":{\"@type\":\"EntryPoint\",\"urlTemplate\":\"https:\\\/\\\/apoloeventstrips.com\\\/?s={search_term_string}\"},\"query-input\":{\"@type\":\"PropertyValueSpecification\",\"valueRequired\":true,\"valueName\":\"search_term_string\"}}],\"inLanguage\":\"en-US\"},{\"@type\":\"Organization\",\"@id\":\"https:\\\/\\\/apoloeventstrips.com\\\/#organization\",\"name\":\"Apolo Events & Trips\",\"url\":\"https:\\\/\\\/apoloeventstrips.com\\\/\",\"logo\":{\"@type\":\"ImageObject\",\"inLanguage\":\"en-US\",\"@id\":\"https:\\\/\\\/apoloeventstrips.com\\\/#\\\/schema\\\/logo\\\/image\\\/\",\"url\":\"https:\\\/\\\/apoloeventstrips.com\\\/wp-content\\\/uploads\\\/2025\\\/12\\\/APOLO_svg.svg\",\"contentUrl\":\"https:\\\/\\\/apoloeventstrips.com\\\/wp-content\\\/uploads\\\/2025\\\/12\\\/APOLO_svg.svg\",\"width\":1225,\"height\":355,\"caption\":\"Apolo Events & Trips\"},\"image\":{\"@id\":\"https:\\\/\\\/apoloeventstrips.com\\\/#\\\/schema\\\/logo\\\/image\\\/\"},\"sameAs\":[\"https:\\\/\\\/www.facebook.com\\\/apoloeventstrips\\\/\",\"https:\\\/\\\/www.instagram.com\\\/apoloeventstrips\\\/\",\"https:\\\/\\\/www.tiktok.com\\\/@apolo.events.trips\"]}]}<\/script>\n<!-- \/ Yoast SEO plugin. -->","yoast_head_json":{"title":"Yoga con Beppe en Bruselas - Apolo Events &amp; Trips","robots":{"index":"index","follow":"follow","max-snippet":"max-snippet:-1","max-image-preview":"max-image-preview:large","max-video-preview":"max-video-preview:-1"},"canonical":"https:\/\/apoloeventstrips.com\/en\/beppe-yoga-brussels\/","og_locale":"en_US","og_type":"article","og_title":"Yoga con Beppe en Bruselas - Apolo Events &amp; Trips","og_url":"https:\/\/apoloeventstrips.com\/en\/beppe-yoga-brussels\/","og_site_name":"Apolo Events &amp; Trips","article_publisher":"https:\/\/www.facebook.com\/apoloeventstrips\/","twitter_card":"summary_large_image","schema":{"@context":"https:\/\/schema.org","@graph":[{"@type":"WebPage","@id":"https:\/\/apoloeventstrips.com\/beppe-yoga-brussels\/","url":"https:\/\/apoloeventstrips.com\/beppe-yoga-brussels\/","name":"Yoga con Beppe en Bruselas - Apolo Events &amp; Trips","isPartOf":{"@id":"https:\/\/apoloeventstrips.com\/#website"},"datePublished":"2026-01-25T12:10:41+00:00","breadcrumb":{"@id":"https:\/\/apoloeventstrips.com\/beppe-yoga-brussels\/#breadcrumb"},"inLanguage":"en-US","potentialAction":[{"@type":"ReadAction","target":["https:\/\/apoloeventstrips.com\/beppe-yoga-brussels\/"]}]},{"@type":"BreadcrumbList","@id":"https:\/\/apoloeventstrips.com\/beppe-yoga-brussels\/#breadcrumb","itemListElement":[{"@type":"ListItem","position":1,"name":"Portada","item":"https:\/\/apoloeventstrips.com\/"},{"@type":"ListItem","position":2,"name":"Yoga con Beppe en Bruselas"}]},{"@type":"WebSite","@id":"https:\/\/apoloeventstrips.com\/#website","url":"https:\/\/apoloeventstrips.com\/","name":"Apolo Events & Trips","description":"Experiencias para personas LGTBIQ+ en lugares de ensue\u00f1o.","publisher":{"@id":"https:\/\/apoloeventstrips.com\/#organization"},"potentialAction":[{"@type":"SearchAction","target":{"@type":"EntryPoint","urlTemplate":"https:\/\/apoloeventstrips.com\/?s={search_term_string}"},"query-input":{"@type":"PropertyValueSpecification","valueRequired":true,"valueName":"search_term_string"}}],"inLanguage":"en-US"},{"@type":"Organization","@id":"https:\/\/apoloeventstrips.com\/#organization","name":"Apolo Events & Trips","url":"https:\/\/apoloeventstrips.com\/","logo":{"@type":"ImageObject","inLanguage":"en-US","@id":"https:\/\/apoloeventstrips.com\/#\/schema\/logo\/image\/","url":"https:\/\/apoloeventstrips.com\/wp-content\/uploads\/2025\/12\/APOLO_svg.svg","contentUrl":"https:\/\/apoloeventstrips.com\/wp-content\/uploads\/2025\/12\/APOLO_svg.svg","width":1225,"height":355,"caption":"Apolo Events & Trips"},"image":{"@id":"https:\/\/apoloeventstrips.com\/#\/schema\/logo\/image\/"},"sameAs":["https:\/\/www.facebook.com\/apoloeventstrips\/","https:\/\/www.instagram.com\/apoloeventstrips\/","https:\/\/www.tiktok.com\/@apolo.events.trips"]}]}},"jetpack_likes_enabled":true,"jetpack_sharing_enabled":true,"jetpack_shortlink":"https:\/\/wp.me\/PgUlEW-ls","jetpack-related-posts":[{"id":3175,"url":"https:\/\/apoloeventstrips.com\/en\/navidad-yoga-bruselas\/formulario-beppe-yoga\/","url_meta":{"origin":1330,"position":0},"title":"Formulario Beppe Yoga","author":"Apolo Events &amp; Trips","date":"13 de April de 2026","format":false,"excerpt":"","rel":"","context":"Similar post","block_context":{"text":"Similar post","link":""},"img":{"alt_text":"","src":"","width":0,"height":0},"classes":[]},{"id":2300,"url":"https:\/\/apoloeventstrips.com\/en\/navidad-yoga-bruselas\/","url_meta":{"origin":1330,"position":1},"title":"Navidad de yoga en Bruselas","author":"Apolo Events &amp; Trips","date":"13 de March de 2026","format":false,"excerpt":"Navidad con Beppe Yoga Me apunto Reg\u00e1late una escapada diferente en el coraz\u00f3n de Europa con este exclusivo retiro de yoga en Bruselas. Durante tres d\u00edas, compartir\u00e1s una experiencia \u00fanica e \u00edntima con un grupo reducido de yoguis, practicando en una elegante casa de techos altos y decoraci\u00f3n art\u00edstica en\u2026","rel":"","context":"Similar post","block_context":{"text":"Similar post","link":""},"img":{"alt_text":"","src":"https:\/\/i0.wp.com\/apoloeventstrips.com\/wp-content\/uploads\/2026\/03\/WhatsApp-Image-2026-02-23-at-12.00.00.jpeg?fit=1200%2C960&ssl=1&resize=350%2C200","width":350,"height":200,"srcset":"https:\/\/i0.wp.com\/apoloeventstrips.com\/wp-content\/uploads\/2026\/03\/WhatsApp-Image-2026-02-23-at-12.00.00.jpeg?fit=1200%2C960&ssl=1&resize=350%2C200 1x, https:\/\/i0.wp.com\/apoloeventstrips.com\/wp-content\/uploads\/2026\/03\/WhatsApp-Image-2026-02-23-at-12.00.00.jpeg?fit=1200%2C960&ssl=1&resize=525%2C300 1.5x, https:\/\/i0.wp.com\/apoloeventstrips.com\/wp-content\/uploads\/2026\/03\/WhatsApp-Image-2026-02-23-at-12.00.00.jpeg?fit=1200%2C960&ssl=1&resize=700%2C400 2x, https:\/\/i0.wp.com\/apoloeventstrips.com\/wp-content\/uploads\/2026\/03\/WhatsApp-Image-2026-02-23-at-12.00.00.jpeg?fit=1200%2C960&ssl=1&resize=1050%2C600 3x"},"classes":[]},{"id":29,"url":"https:\/\/apoloeventstrips.com\/en\/","url_meta":{"origin":1330,"position":2},"title":"Home","author":"Apolo Events &amp; Trips","date":"10 de December de 2025","format":false,"excerpt":"Apolo Aventuras exclusivas sin excluir a nadie \u00bfTe vienes a La Palma? Nuestras pr\u00f3ximas aventuras Lisboa \ud83c\uddf5\ud83c\uddf930 abril - 3 mayo\u00bfTe vienes con Keunam?Disfruta de la ciudad de las siete colinas a las orillas del Tajo con la mejor gastronom\u00eda y la mejor fiesta LGTBIQ+. Con espect\u00e1culo de fado.VamosMadrid Pride\u2026","rel":"","context":"Similar post","block_context":{"text":"Similar post","link":""},"img":{"alt_text":"logo de apolo events & trips, agencia de viajes lgtbi","src":"https:\/\/i0.wp.com\/apoloeventstrips.com\/wp-content\/uploads\/2025\/12\/Apolo-Cuadrado-ok.png?fit=1200%2C1200&ssl=1&resize=350%2C200","width":350,"height":200,"srcset":"https:\/\/i0.wp.com\/apoloeventstrips.com\/wp-content\/uploads\/2025\/12\/Apolo-Cuadrado-ok.png?fit=1200%2C1200&ssl=1&resize=350%2C200 1x, https:\/\/i0.wp.com\/apoloeventstrips.com\/wp-content\/uploads\/2025\/12\/Apolo-Cuadrado-ok.png?fit=1200%2C1200&ssl=1&resize=525%2C300 1.5x, https:\/\/i0.wp.com\/apoloeventstrips.com\/wp-content\/uploads\/2025\/12\/Apolo-Cuadrado-ok.png?fit=1200%2C1200&ssl=1&resize=700%2C400 2x, https:\/\/i0.wp.com\/apoloeventstrips.com\/wp-content\/uploads\/2025\/12\/Apolo-Cuadrado-ok.png?fit=1200%2C1200&ssl=1&resize=1050%2C600 3x"},"classes":[]},{"id":1452,"url":"https:\/\/apoloeventstrips.com\/en\/madrid-pride-apolo-utm_sourcefacebookutm_mediumcpcutm_campaignmadrid_pride_2026utm_contentad_conversion\/","url_meta":{"origin":1330,"position":3},"title":"Madrid Pride Apolo","author":"Apolo Events &amp; Trips","date":"28 de January de 2026","format":false,"excerpt":"Get on the Float. Experience Madrid Pride 10 days & 9 nights of pure magic. Immerse yourself in the ultimate Madrid Pride experience: from VIP float access and exclusive parties to restorative yoga, cultural tours, and world-class gastronomy. The perfect blend of celebration and discovery. June 26 \u2013 July 5,\u2026","rel":"","context":"Similar post","block_context":{"text":"Similar post","link":""},"img":{"alt_text":"","src":"https:\/\/i0.wp.com\/apoloeventstrips.com\/wp-content\/uploads\/2025\/12\/18.webp?fit=1080%2C1080&ssl=1&resize=350%2C200","width":350,"height":200,"srcset":"https:\/\/i0.wp.com\/apoloeventstrips.com\/wp-content\/uploads\/2025\/12\/18.webp?fit=1080%2C1080&ssl=1&resize=350%2C200 1x, https:\/\/i0.wp.com\/apoloeventstrips.com\/wp-content\/uploads\/2025\/12\/18.webp?fit=1080%2C1080&ssl=1&resize=525%2C300 1.5x, https:\/\/i0.wp.com\/apoloeventstrips.com\/wp-content\/uploads\/2025\/12\/18.webp?fit=1080%2C1080&ssl=1&resize=700%2C400 2x, https:\/\/i0.wp.com\/apoloeventstrips.com\/wp-content\/uploads\/2025\/12\/18.webp?fit=1080%2C1080&ssl=1&resize=1050%2C600 3x"},"classes":[]},{"id":1346,"url":"https:\/\/apoloeventstrips.com\/en\/terminos-condiciones-experiencias\/","url_meta":{"origin":1330,"position":4},"title":"T\u00e9rminos y condiciones experiencias","author":"Apolo Events &amp; Trips","date":"27 de January de 2026","format":false,"excerpt":"T\u00e9rminos y condiciones de nuestras experiencias (t\u00e9rminos contractuales) Condiciones de contrataci\u00f3n Costa Rica\u200b De una parte, Tugaworld Iberia SL (propietaria de Apolo Events & Trips)., con CIF B28833684, domicilio en C\/Juan Bravo 3A. Bajo, 28006, Madrid, en adelante \u00abLA AGENCIA\u00bb. Tugaworld Iberia SL.Y de otra parte, el cliente.Ambas partes, en\u2026","rel":"","context":"Similar post","block_context":{"text":"Similar post","link":""},"img":{"alt_text":"logo de apolo events & trips, agencia de viajes lgtbi","src":"https:\/\/i0.wp.com\/apoloeventstrips.com\/wp-content\/uploads\/2025\/12\/Apolo-Cuadrado-ok.png?fit=1200%2C1200&ssl=1&resize=350%2C200","width":350,"height":200,"srcset":"https:\/\/i0.wp.com\/apoloeventstrips.com\/wp-content\/uploads\/2025\/12\/Apolo-Cuadrado-ok.png?fit=1200%2C1200&ssl=1&resize=350%2C200 1x, https:\/\/i0.wp.com\/apoloeventstrips.com\/wp-content\/uploads\/2025\/12\/Apolo-Cuadrado-ok.png?fit=1200%2C1200&ssl=1&resize=525%2C300 1.5x, https:\/\/i0.wp.com\/apoloeventstrips.com\/wp-content\/uploads\/2025\/12\/Apolo-Cuadrado-ok.png?fit=1200%2C1200&ssl=1&resize=700%2C400 2x, https:\/\/i0.wp.com\/apoloeventstrips.com\/wp-content\/uploads\/2025\/12\/Apolo-Cuadrado-ok.png?fit=1200%2C1200&ssl=1&resize=1050%2C600 3x"},"classes":[]}],"_links":{"self":[{"href":"https:\/\/apoloeventstrips.com\/en\/wp-json\/wp\/v2\/pages\/1330","targetHints":{"allow":["GET"]}}],"collection":[{"href":"https:\/\/apoloeventstrips.com\/en\/wp-json\/wp\/v2\/pages"}],"about":[{"href":"https:\/\/apoloeventstrips.com\/en\/wp-json\/wp\/v2\/types\/page"}],"author":[{"embeddable":true,"href":"https:\/\/apoloeventstrips.com\/en\/wp-json\/wp\/v2\/users\/273406875"}],"replies":[{"embeddable":true,"href":"https:\/\/apoloeventstrips.com\/en\/wp-json\/wp\/v2\/comments?post=1330"}],"version-history":[{"count":0,"href":"https:\/\/apoloeventstrips.com\/en\/wp-json\/wp\/v2\/pages\/1330\/revisions"}],"wp:attachment":[{"href":"https:\/\/apoloeventstrips.com\/en\/wp-json\/wp\/v2\/media?parent=1330"}],"curies":[{"name":"wp","href":"https:\/\/api.w.org\/{rel}","templated":true}]}}